{"id":1016,"date":"2018-05-07T11:19:15","date_gmt":"2018-05-07T08:19:15","guid":{"rendered":"https:\/\/market.dasaritma.com\/?page_id=1016"},"modified":"2020-10-18T22:29:49","modified_gmt":"2020-10-18T19:29:49","slug":"ana-sayfa","status":"publish","type":"page","link":"https:\/\/market.dasaritma.com\/ana-sayfa\/","title":{"rendered":"Ana Sayfa"},"content":{"rendered":"<h3>\n\t\t\t\t\t\u00dccretsiz Kargo<br \/>\n\t\t\t\t<\/h3>\n<p>150 \u20ba ve \u00dczeri Al\u0131\u015fveri\u015flerinizde<\/p>\n<h3>\n\t\t\t\t\tM\u00fc\u015fteri Memnuniyeti<br \/>\n\t\t\t\t<\/h3>\n<p>DAS M\u00fc\u015fterilerini Memnun Etmeyi Temel \u0130lkesi  Edinmi\u015ftir<\/p>\n<h3>\n\t\t\t\t\tAn\u0131nda Destek<br \/>\n\t\t\t\t<\/h3>\n<p>DAS Problemlerinize \u00c7\u00f6z\u00fcm \u00dcretmekten B\u00fcy\u00fck Keyif Al\u0131r<\/p>\n<h3>\n\t\t\t\t\tG\u00fcvenli \u00d6deme<br \/>\n\t\t\t\t<\/h3>\n<p>DAS M\u00fc\u015fterilerinin Ki\u015fisel Bilgilerinin Korunmas\u0131na B\u00fcy\u00fck \u00d6nem Verir<\/p>\n","protected":false},"excerpt":{"rendered":"<p>\u00dccretsiz Kargo 150 \u20ba ve \u00dczeri Al\u0131\u015fveri\u015flerinizde M\u00fc\u015fteri Memnuniyeti DAS M\u00fc\u015fterilerini Memnun Etmeyi Temel \u0130lkesi Edinmi\u015ftir An\u0131nda Destek DAS Problemlerinize \u00c7\u00f6z\u00fcm \u00dcretmekten B\u00fcy\u00fck Keyif Al\u0131r G\u00fcvenli \u00d6deme DAS M\u00fc\u015fterilerinin Ki\u015fisel Bilgilerinin Korunmas\u0131na B\u00fcy\u00fck \u00d6nem Verir<\/p>\n","protected":false},"author":1,"featured_media":0,"parent":0,"menu_order":0,"comment_status":"closed","ping_status":"closed","template":"template\/template-multipage-homepage.php","meta":[],"_links":{"self":[{"href":"https:\/\/market.dasaritma.com\/ana-sayfa\/wp-json\/wp\/v2\/pages\/1016"}],"collection":[{"href":"https:\/\/market.dasaritma.com\/ana-sayfa\/wp-json\/wp\/v2\/pages"}],"about":[{"href":"https:\/\/market.dasaritma.com\/ana-sayfa\/wp-json\/wp\/v2\/types\/page"}],"author":[{"embeddable":true,"href":"https:\/\/market.dasaritma.com\/ana-sayfa\/wp-json\/wp\/v2\/users\/1"}],"replies":[{"embeddable":true,"href":"https:\/\/market.dasaritma.com\/ana-sayfa\/wp-json\/wp\/v2\/comments?post=1016"}],"version-history":[{"count":22,"href":"https:\/\/market.dasaritma.com\/ana-sayfa\/wp-json\/wp\/v2\/pages\/1016\/revisions"}],"predecessor-version":[{"id":4129,"href":"https:\/\/market.dasaritma.com\/ana-sayfa\/wp-json\/wp\/v2\/pages\/1016\/revisions\/4129"}],"wp:attachment":[{"href":"https:\/\/market.dasaritma.com\/ana-sayfa\/wp-json\/wp\/v2\/media?parent=1016"}],"curies":[{"name":"wp","href":"https:\/\/api.w.org\/{rel}","templated":true}]}}