{"id":2248,"date":"2020-09-13T13:38:35","date_gmt":"2020-09-13T10:38:35","guid":{"rendered":"https:\/\/market.dasaritma.com\/?post_type=product&#038;p=2248"},"modified":"2020-09-13T13:38:36","modified_gmt":"2020-09-13T10:38:36","slug":"express-water-storm-5a-class-pompali","status":"publish","type":"product","link":"https:\/\/market.dasaritma.com\/ana-sayfa\/urun\/express-water-storm-5a-class-pompali\/","title":{"rendered":"EXPRESS WATER STORM 5A-CLASS, POMPALI"},"content":{"rendered":"<p>\u2022 12\u201d Inline 5 Mikron Spun (Sediment) Jammy Filtre<br \/>\n\u2022 12\u201d Inline GAC Karbon Jammy Filtre (UDF)<br \/>\n\u2022 12\u201d Inline Blok Karbon Jammy Filtre (CTO)<br \/>\n\u2022 10\u201d Inline Coconat Post Karbon Filtre<br \/>\n\u2022 75GPD \/ 80GPD Membran<br \/>\n\u2022 2.2 Galon Metal Bas\u0131n\u00e7 Denge Tank\u0131<br \/>\n\u2022 L\u00fcks Small Musluk<br \/>\n\u2022 Shut-Off Valf<br \/>\n\u2022 24V Pompa<br \/>\n\u2022 24V 1,5A Adapt\u00f6r<br \/>\n\u2022 60 PSI Bas\u0131n\u00e7 D\u00fc\u015f\u00fcr\u00fcc\u00fc<\/p>\n","protected":false},"excerpt":{"rendered":"<p>\u2022 12\u201d Inline 5 Mikron Spun (Sediment) Jammy Filtre \u2022 12\u201d Inline GAC Karbon Jammy Filtre (UDF) \u2022 12\u201d Inline Blok Karbon Jammy Filtre (CTO) \u2022 10\u201d Inline Coconat Post Karbon Filtre \u2022 75GPD \/ 80GPD Membran \u2022 2.2 Galon Metal Bas\u0131n\u00e7 Denge Tank\u0131 \u2022 L\u00fcks Small Musluk \u2022 Shut-Off Valf \u2022 24V Pompa \u2022 [&hellip;]<\/p>\n","protected":false},"featured_media":2251,"comment_status":"open","ping_status":"closed","template":"","meta":[],"_links":{"self":[{"href":"https:\/\/market.dasaritma.com\/ana-sayfa\/wp-json\/wp\/v2\/product\/2248"}],"collection":[{"href":"https:\/\/market.dasaritma.com\/ana-sayfa\/wp-json\/wp\/v2\/product"}],"about":[{"href":"https:\/\/market.dasaritma.com\/ana-sayfa\/wp-json\/wp\/v2\/types\/product"}],"replies":[{"embeddable":true,"href":"https:\/\/market.dasaritma.com\/ana-sayfa\/wp-json\/wp\/v2\/comments?post=2248"}],"wp:featuredmedia":[{"embeddable":true,"href":"https:\/\/market.dasaritma.com\/ana-sayfa\/wp-json\/wp\/v2\/media\/2251"}],"wp:attachment":[{"href":"https:\/\/market.dasaritma.com\/ana-sayfa\/wp-json\/wp\/v2\/media?parent=2248"}],"curies":[{"name":"wp","href":"https:\/\/api.w.org\/{rel}","templated":true}]}}