{"id":2278,"date":"2020-09-15T14:34:18","date_gmt":"2020-09-15T11:34:18","guid":{"rendered":"https:\/\/market.dasaritma.com\/?post_type=product&#038;p=2278"},"modified":"2020-10-15T01:20:34","modified_gmt":"2020-10-14T22:20:34","slug":"iconic-5-asamali-pompali-su-aritma-cihazi","status":"publish","type":"product","link":"https:\/\/market.dasaritma.com\/ana-sayfa\/urun\/iconic-5-asamali-pompali-su-aritma-cihazi\/","title":{"rendered":"ICONIC 5 A\u015famal\u0131 -Pompal\u0131 -Su Ar\u0131tma Cihaz\u0131"},"content":{"rendered":"<p>\u2022 12\u201d Inline HSF 5 Mikron Spun Filtre<br \/>\u2022 12\u201d Inline HSF GAC Coconat Karbon Filtre<br \/>\u2022 12\u201d Inline HSF Blok Coconat Karbon Filtre<br \/>\u2022 10\u201d Inline Coconat Post Karbon Filtre<br \/>\u2022 80GPD Standart Membran<br \/>\u2022 3.2 Galon Metal Bas\u0131n\u00e7 Denge Tank\u0131<br \/>\u2022 Jammy L\u00fcks Musluk<br \/>\u2022 Shut-Off Valf<br \/>\u2022 24V Pompa<br \/>\u2022 24V 1,5A Adapt\u00f6r<br \/>\u2022 60 PSI Bas\u0131n\u00e7 D\u00fc\u015f\u00fcr\u00fcc\u00fc<\/p>\n","protected":false},"excerpt":{"rendered":"<p>\u2022 12\u201d Inline HSF 5 Mikron Spun Filtre\u2022 12\u201d Inline HSF GAC Coconat Karbon Filtre\u2022 12\u201d Inline HSF Blok Coconat Karbon Filtre\u2022 10\u201d Inline Coconat Post Karbon Filtre\u2022 80GPD Standart Membran\u2022 3.2 Galon Metal Bas\u0131n\u00e7 Denge Tank\u0131\u2022 Jammy L\u00fcks Musluk\u2022 Shut-Off Valf\u2022 24V Pompa\u2022 24V 1,5A Adapt\u00f6r\u2022 60 PSI Bas\u0131n\u00e7 D\u00fc\u015f\u00fcr\u00fcc\u00fc<\/p>\n","protected":false},"featured_media":2252,"comment_status":"open","ping_status":"closed","template":"","meta":[],"_links":{"self":[{"href":"https:\/\/market.dasaritma.com\/ana-sayfa\/wp-json\/wp\/v2\/product\/2278"}],"collection":[{"href":"https:\/\/market.dasaritma.com\/ana-sayfa\/wp-json\/wp\/v2\/product"}],"about":[{"href":"https:\/\/market.dasaritma.com\/ana-sayfa\/wp-json\/wp\/v2\/types\/product"}],"replies":[{"embeddable":true,"href":"https:\/\/market.dasaritma.com\/ana-sayfa\/wp-json\/wp\/v2\/comments?post=2278"}],"wp:featuredmedia":[{"embeddable":true,"href":"https:\/\/market.dasaritma.com\/ana-sayfa\/wp-json\/wp\/v2\/media\/2252"}],"wp:attachment":[{"href":"https:\/\/market.dasaritma.com\/ana-sayfa\/wp-json\/wp\/v2\/media?parent=2278"}],"curies":[{"name":"wp","href":"https:\/\/api.w.org\/{rel}","templated":true}]}}