{"id":2438,"date":"2020-09-18T14:25:25","date_gmt":"2020-09-18T11:25:25","guid":{"rendered":"https:\/\/market.dasaritma.com\/?post_type=product&#038;p=2438"},"modified":"2020-09-18T14:25:26","modified_gmt":"2020-09-18T11:25:26","slug":"standart-on-filtre-seti","status":"publish","type":"product","link":"https:\/\/market.dasaritma.com\/ana-sayfa\/urun\/standart-on-filtre-seti\/","title":{"rendered":"Standart \u00d6n Filtre Seti"},"content":{"rendered":"<p>12&#8243; 5\u00b5 Sediment Filtre, Quick Ba\u011flant\u0131<\/p>\n<p>12&#8243; Gran\u00fcl Aktif Karbon (GAC) Filtre, Quick Ba\u011flant\u0131<\/p>\n<p>12&#8243; Blok Karbon Filtre (CTO) Filtre, Quick Ba\u011flant\u0131<\/p>\n","protected":false},"excerpt":{"rendered":"<p>12&#8243; 5\u00b5 Sediment Filtre, Quick Ba\u011flant\u0131 12&#8243; Gran\u00fcl Aktif Karbon (GAC) Filtre, Quick Ba\u011flant\u0131 12&#8243; Blok Karbon Filtre (CTO) Filtre, Quick Ba\u011flant\u0131<\/p>\n","protected":false},"featured_media":2295,"comment_status":"open","ping_status":"closed","template":"","meta":[],"_links":{"self":[{"href":"https:\/\/market.dasaritma.com\/ana-sayfa\/wp-json\/wp\/v2\/product\/2438"}],"collection":[{"href":"https:\/\/market.dasaritma.com\/ana-sayfa\/wp-json\/wp\/v2\/product"}],"about":[{"href":"https:\/\/market.dasaritma.com\/ana-sayfa\/wp-json\/wp\/v2\/types\/product"}],"replies":[{"embeddable":true,"href":"https:\/\/market.dasaritma.com\/ana-sayfa\/wp-json\/wp\/v2\/comments?post=2438"}],"wp:featuredmedia":[{"embeddable":true,"href":"https:\/\/market.dasaritma.com\/ana-sayfa\/wp-json\/wp\/v2\/media\/2295"}],"wp:attachment":[{"href":"https:\/\/market.dasaritma.com\/ana-sayfa\/wp-json\/wp\/v2\/media?parent=2438"}],"curies":[{"name":"wp","href":"https:\/\/api.w.org\/{rel}","templated":true}]}}